{"id":59,"date":"2018-11-30T11:27:30","date_gmt":"2018-11-30T11:27:30","guid":{"rendered":"https:\/\/www.impuls-domzale.si\/?page_id=59"},"modified":"2018-12-04T11:58:47","modified_gmt":"2018-12-04T11:58:47","slug":"blagovne-znamke","status":"publish","type":"page","link":"https:\/\/www.impuls-domzale.si\/en\/blagovne-znamke\/","title":{"rendered":"Brands"},"content":{"rendered":"<p>Zastopamo spodnje blagovne znamke iz tujine:<\/p>\n\n\n\n<div class=\"wp-block-image\"><figure class=\"aligncenter\"><a href=\"https:\/\/www.orgran.si\" target=\"_blank\" rel=\"noreferrer noopener\"><img loading=\"lazy\" decoding=\"async\" width=\"300\" height=\"142\" src=\"https:\/\/www.impuls-domzale.si\/wp-content\/uploads\/2018\/11\/Orgran_logo-300x142.png\" alt=\"\" class=\"wp-image-60\" srcset=\"https:\/\/www.impuls-domzale.si\/wp-content\/uploads\/2018\/11\/Orgran_logo-300x142.png 300w, https:\/\/www.impuls-domzale.si\/wp-content\/uploads\/2018\/11\/Orgran_logo-768x364.png 768w, https:\/\/www.impuls-domzale.si\/wp-content\/uploads\/2018\/11\/Orgran_logo-1024x486.png 1024w, https:\/\/www.impuls-domzale.si\/wp-content\/uploads\/2018\/11\/Orgran_logo.png 1493w\" sizes=\"auto, (max-width: 300px) 100vw, 300px\" \/><\/a><figcaption>Dietna \u017eivila brez alergenov<\/figcaption><\/figure><\/div>\n\n\n\n<div class=\"wp-block-image\"><figure class=\"aligncenter\"><a href=\"http:\/\/www.lineanivnice.cz\/\" target=\"_blank\" rel=\"noreferrer noopener\"><img loading=\"lazy\" decoding=\"async\" width=\"300\" height=\"179\" src=\"https:\/\/www.impuls-domzale.si\/wp-content\/uploads\/2018\/11\/Hello-logo-300x179.png\" alt=\"\" class=\"wp-image-62\" srcset=\"https:\/\/www.impuls-domzale.si\/wp-content\/uploads\/2018\/11\/Hello-logo-300x179.png 300w, https:\/\/www.impuls-domzale.si\/wp-content\/uploads\/2018\/11\/Hello-logo.png 737w\" sizes=\"auto, (max-width: 300px) 100vw, 300px\" \/><\/a><figcaption>Sok, smoothie, sirupi, otro\u0161ke ka\u0161ice<\/figcaption><\/figure><\/div>\n\n\n\n<div class=\"wp-block-image\"><figure class=\"aligncenter\"><a href=\"http:\/\/www.victoria.it\/\" target=\"_blank\" rel=\"noreferrer noopener\"><img loading=\"lazy\" decoding=\"async\" width=\"300\" height=\"95\" src=\"https:\/\/www.impuls-domzale.si\/wp-content\/uploads\/2018\/11\/Victoria-300x95.jpg\" alt=\"\" class=\"wp-image-61\" srcset=\"https:\/\/www.impuls-domzale.si\/wp-content\/uploads\/2018\/11\/Victoria-300x95.jpg 300w, https:\/\/www.impuls-domzale.si\/wp-content\/uploads\/2018\/11\/Victoria.jpg 746w\" sizes=\"auto, (max-width: 300px) 100vw, 300px\" \/><\/a><figcaption>Ri\u017e, konzervirana zelenjava in sadje, testenine<\/figcaption><\/figure><\/div>\n\n\n\n<div class=\"wp-block-image\"><figure class=\"aligncenter\"><a href=\"http:\/\/www.gandola.it\/\" target=\"_blank\" rel=\"noreferrer noopener\"><img loading=\"lazy\" decoding=\"async\" width=\"300\" height=\"161\" src=\"https:\/\/www.impuls-domzale.si\/wp-content\/uploads\/2018\/11\/partners-05-gandola-300x161.jpg\" alt=\"\" class=\"wp-image-64\" srcset=\"https:\/\/www.impuls-domzale.si\/wp-content\/uploads\/2018\/11\/partners-05-gandola-300x161.jpg 300w, https:\/\/www.impuls-domzale.si\/wp-content\/uploads\/2018\/11\/partners-05-gandola-768x413.jpg 768w, https:\/\/www.impuls-domzale.si\/wp-content\/uploads\/2018\/11\/partners-05-gandola.jpg 940w\" sizes=\"auto, (max-width: 300px) 100vw, 300px\" \/><\/a><figcaption>\u010cokoladni namazi in pi\u0161koti<\/figcaption><\/figure><\/div>\n\n\n\n<p>Poleg tujih pa se predstavljamo tudi z nekaj lastnimi znamkami.<\/p>\n\n\n\n<ul class=\"wp-block-gallery columns-3 is-cropped wp-block-gallery-1 is-layout-flex wp-block-gallery-is-layout-flex\"><li class=\"blocks-gallery-item\"><figure><img loading=\"lazy\" decoding=\"async\" width=\"940\" height=\"505\" src=\"https:\/\/www.impuls-domzale.si\/wp-content\/uploads\/2018\/11\/Maks.png\" alt=\"\" data-id=\"81\" data-link=\"https:\/\/www.impuls-domzale.si\/blagovne-znamke\/maks\/\" class=\"wp-image-81\" srcset=\"https:\/\/www.impuls-domzale.si\/wp-content\/uploads\/2018\/11\/Maks.png 940w, https:\/\/www.impuls-domzale.si\/wp-content\/uploads\/2018\/11\/Maks-300x161.png 300w, https:\/\/www.impuls-domzale.si\/wp-content\/uploads\/2018\/11\/Maks-768x413.png 768w\" sizes=\"auto, (max-width: 767px) 89vw, (max-width: 1000px) 54vw, (max-width: 1071px) 543px, 580px\" \/><figcaption>Maks, koruzni kosmi\u010di<\/figcaption><\/figure><\/li><li class=\"blocks-gallery-item\"><figure><img loading=\"lazy\" decoding=\"async\" width=\"940\" height=\"505\" src=\"https:\/\/www.impuls-domzale.si\/wp-content\/uploads\/2018\/11\/Nace.png\" alt=\"\" data-id=\"82\" data-link=\"https:\/\/www.impuls-domzale.si\/blagovne-znamke\/nace\/\" class=\"wp-image-82\" srcset=\"https:\/\/www.impuls-domzale.si\/wp-content\/uploads\/2018\/11\/Nace.png 940w, https:\/\/www.impuls-domzale.si\/wp-content\/uploads\/2018\/11\/Nace-300x161.png 300w, https:\/\/www.impuls-domzale.si\/wp-content\/uploads\/2018\/11\/Nace-768x413.png 768w\" sizes=\"auto, (max-width: 767px) 89vw, (max-width: 1000px) 54vw, (max-width: 1071px) 543px, 580px\" \/><figcaption>Nace, instant kakav<\/figcaption><\/figure><\/li><li class=\"blocks-gallery-item\"><figure><img loading=\"lazy\" decoding=\"async\" width=\"940\" height=\"505\" src=\"https:\/\/www.impuls-domzale.si\/wp-content\/uploads\/2018\/11\/Nika-koko.png\" alt=\"\" data-id=\"83\" data-link=\"https:\/\/www.impuls-domzale.si\/blagovne-znamke\/nika-koko\/\" class=\"wp-image-83\" srcset=\"https:\/\/www.impuls-domzale.si\/wp-content\/uploads\/2018\/11\/Nika-koko.png 940w, https:\/\/www.impuls-domzale.si\/wp-content\/uploads\/2018\/11\/Nika-koko-300x161.png 300w, https:\/\/www.impuls-domzale.si\/wp-content\/uploads\/2018\/11\/Nika-koko-768x413.png 768w\" sizes=\"auto, (max-width: 767px) 89vw, (max-width: 1000px) 54vw, (max-width: 1071px) 543px, 580px\" \/><figcaption>Nika, koko\u0161ja pa\u0161teta<\/figcaption><\/figure><\/li><li class=\"blocks-gallery-item\"><figure><img loading=\"lazy\" decoding=\"async\" width=\"940\" height=\"505\" src=\"https:\/\/www.impuls-domzale.si\/wp-content\/uploads\/2018\/11\/Nika-tuna.png\" alt=\"\" data-id=\"84\" data-link=\"https:\/\/www.impuls-domzale.si\/blagovne-znamke\/nika-tuna\/\" class=\"wp-image-84\" srcset=\"https:\/\/www.impuls-domzale.si\/wp-content\/uploads\/2018\/11\/Nika-tuna.png 940w, https:\/\/www.impuls-domzale.si\/wp-content\/uploads\/2018\/11\/Nika-tuna-300x161.png 300w, https:\/\/www.impuls-domzale.si\/wp-content\/uploads\/2018\/11\/Nika-tuna-768x413.png 768w\" sizes=\"auto, (max-width: 767px) 89vw, (max-width: 1000px) 54vw, (max-width: 1071px) 543px, 580px\" \/><figcaption>Nika, tunina pa\u0161teta<\/figcaption><\/figure><\/li><li class=\"blocks-gallery-item\"><figure><img loading=\"lazy\" decoding=\"async\" width=\"940\" height=\"505\" src=\"https:\/\/www.impuls-domzale.si\/wp-content\/uploads\/2018\/11\/Ursa-jogurt.png\" alt=\"\" data-id=\"85\" data-link=\"https:\/\/www.impuls-domzale.si\/blagovne-znamke\/ursa-jogurt\/\" class=\"wp-image-85\" srcset=\"https:\/\/www.impuls-domzale.si\/wp-content\/uploads\/2018\/11\/Ursa-jogurt.png 940w, https:\/\/www.impuls-domzale.si\/wp-content\/uploads\/2018\/11\/Ursa-jogurt-300x161.png 300w, https:\/\/www.impuls-domzale.si\/wp-content\/uploads\/2018\/11\/Ursa-jogurt-768x413.png 768w\" sizes=\"auto, (max-width: 767px) 89vw, (max-width: 1000px) 54vw, (max-width: 1071px) 543px, 580px\" \/><figcaption>Ur\u0161a, vlakninski plo\u0161\u010dici<\/figcaption><\/figure><\/li><li class=\"blocks-gallery-item\"><figure><img loading=\"lazy\" decoding=\"async\" width=\"940\" height=\"505\" src=\"https:\/\/www.impuls-domzale.si\/wp-content\/uploads\/2018\/11\/GT.png\" alt=\"\" data-id=\"87\" data-link=\"https:\/\/www.impuls-domzale.si\/blagovne-znamke\/gt\/\" class=\"wp-image-87\" srcset=\"https:\/\/www.impuls-domzale.si\/wp-content\/uploads\/2018\/11\/GT.png 940w, https:\/\/www.impuls-domzale.si\/wp-content\/uploads\/2018\/11\/GT-300x161.png 300w, https:\/\/www.impuls-domzale.si\/wp-content\/uploads\/2018\/11\/GT-768x413.png 768w\" sizes=\"auto, (max-width: 767px) 89vw, (max-width: 1000px) 54vw, (max-width: 1071px) 543px, 580px\" \/><figcaption>Gajina tr\u017enica, vlo\u017eena zelenjava<\/figcaption><\/figure><\/li><li class=\"blocks-gallery-item\"><figure><img loading=\"lazy\" decoding=\"async\" width=\"940\" height=\"505\" src=\"https:\/\/www.impuls-domzale.si\/wp-content\/uploads\/2018\/11\/Beno-1.png\" alt=\"\" data-id=\"88\" data-link=\"https:\/\/www.impuls-domzale.si\/blagovne-znamke\/beno-1\/\" class=\"wp-image-88\" srcset=\"https:\/\/www.impuls-domzale.si\/wp-content\/uploads\/2018\/11\/Beno-1.png 940w, https:\/\/www.impuls-domzale.si\/wp-content\/uploads\/2018\/11\/Beno-1-300x161.png 300w, https:\/\/www.impuls-domzale.si\/wp-content\/uploads\/2018\/11\/Beno-1-768x413.png 768w\" sizes=\"auto, (max-width: 767px) 89vw, (max-width: 1000px) 54vw, (max-width: 1071px) 543px, 580px\" \/><figcaption>Beno, ledeni \u010daj<\/figcaption><\/figure><\/li><li class=\"blocks-gallery-item\"><figure><img loading=\"lazy\" decoding=\"async\" width=\"940\" height=\"505\" src=\"https:\/\/www.impuls-domzale.si\/wp-content\/uploads\/2018\/11\/Jaka.png\" alt=\"\" data-id=\"80\" data-link=\"https:\/\/www.impuls-domzale.si\/blagovne-znamke\/jaka\/\" class=\"wp-image-80\" srcset=\"https:\/\/www.impuls-domzale.si\/wp-content\/uploads\/2018\/11\/Jaka.png 940w, https:\/\/www.impuls-domzale.si\/wp-content\/uploads\/2018\/11\/Jaka-300x161.png 300w, https:\/\/www.impuls-domzale.si\/wp-content\/uploads\/2018\/11\/Jaka-768x413.png 768w\" sizes=\"auto, (max-width: 767px) 89vw, (max-width: 1000px) 54vw, (max-width: 1071px) 543px, 580px\" \/><figcaption>Jaka, cvetli\u010dni med<\/figcaption><\/figure><\/li><\/ul>","protected":false},"excerpt":{"rendered":"<p>Zastopamo spodnje blagovne znamke iz tujine: Poleg tujih pa se predstavljamo tudi z nekaj lastnimi znamkami.<\/p>","protected":false},"author":1,"featured_media":0,"parent":0,"menu_order":0,"comment_status":"closed","ping_status":"closed","template":"","meta":{"footnotes":""},"class_list":["post-59","page","type-page","status-publish","hentry"],"_links":{"self":[{"href":"https:\/\/www.impuls-domzale.si\/en\/wp-json\/wp\/v2\/pages\/59","targetHints":{"allow":["GET"]}}],"collection":[{"href":"https:\/\/www.impuls-domzale.si\/en\/wp-json\/wp\/v2\/pages"}],"about":[{"href":"https:\/\/www.impuls-domzale.si\/en\/wp-json\/wp\/v2\/types\/page"}],"author":[{"embeddable":true,"href":"https:\/\/www.impuls-domzale.si\/en\/wp-json\/wp\/v2\/users\/1"}],"replies":[{"embeddable":true,"href":"https:\/\/www.impuls-domzale.si\/en\/wp-json\/wp\/v2\/comments?post=59"}],"version-history":[{"count":15,"href":"https:\/\/www.impuls-domzale.si\/en\/wp-json\/wp\/v2\/pages\/59\/revisions"}],"predecessor-version":[{"id":145,"href":"https:\/\/www.impuls-domzale.si\/en\/wp-json\/wp\/v2\/pages\/59\/revisions\/145"}],"wp:attachment":[{"href":"https:\/\/www.impuls-domzale.si\/en\/wp-json\/wp\/v2\/media?parent=59"}],"curies":[{"name":"wp","href":"https:\/\/api.w.org\/{rel}","templated":true}]}}