{"id":11,"date":"2018-11-28T13:14:10","date_gmt":"2018-11-28T13:14:10","guid":{"rendered":"https:\/\/www.impuls-domzale.si\/?page_id=11"},"modified":"2024-12-24T08:32:37","modified_gmt":"2024-12-24T08:32:37","slug":"contact","status":"publish","type":"page","link":"https:\/\/www.impuls-domzale.si\/en\/contact\/","title":{"rendered":"Contact"},"content":{"rendered":"<p>Z nami lahko stopite v stik na razli\u010dne na\u010dine. Trenutno so (razvr\u0161\u010dene po va\u0161i priljubljenosti) na voljo:<\/p>\n<ol>\n<li style=\"list-style-type: none;\">\n<ol>\n<li>Telefon: 01 56 22 130,<\/li>\n<li>E-po\u0161ta: <a href=\"mailto:in**@************le.si\" data-original-string=\"r1iNWCriPRDIIPwp6Fe+Og==de1YfpVKcOdawmjHa\/W7SrXqOttjqbioQSV6omAuyapwlM=\" title=\"This contact has been encoded by Anti-Spam by CleanTalk. Click to decode. To finish the decoding make sure that JavaScript is enabled in your browser.\" target=\"_blank\" rel=\"noopener noreferrer\"><span \n                data-original-string='\/nGy+122q8tDP4iAe66lTA==de1K+wEh95Yx+svjMPQ7RxbITOM\/S49N4GO8qgREXNhcXQ='\n                class='apbct-email-encoder'\n                title='This contact has been encoded by Anti-Spam by CleanTalk. Click to decode. To finish the decoding make sure that JavaScript is enabled in your browser.'>in<span class=\"apbct-blur\">**<\/span>@<span class=\"apbct-blur\">************<\/span>le.si<\/span><\/a><\/li>\n<li>Faks: 01 56 22 131 in<\/li>\n<li>Naslov: Puchova 3a, Zg. Jar\u0161e. SI-1235 Radomlje<\/li>\n<\/ol>\n<\/li>\n<\/ol>\n<p><!--\n\n<li>Spletni obrazec:<\/li>\n\n\n<\/ol>\n\n\n\n\n<p>[contact-form-7 id=\"47\" title=\"Contact form 1\"]<\/p>\n\n--><\/p>\n\n\n<p><\/p>\n","protected":false},"excerpt":{"rendered":"<p>Z nami lahko stopite v stik na razli\u010dne na\u010dine. Trenutno so (razvr\u0161\u010dene po va\u0161i priljubljenosti) na voljo: Telefon: 01 56 22 130, E-po\u0161ta: in**@************le.si Faks: 01 56 22 131 in Naslov: Puchova 3a, Zg. Jar\u0161e. SI-1235 Radomlje<\/p>","protected":false},"author":1,"featured_media":160,"parent":0,"menu_order":0,"comment_status":"closed","ping_status":"closed","template":"","meta":{"footnotes":""},"class_list":["post-11","page","type-page","status-publish","has-post-thumbnail","hentry"],"_links":{"self":[{"href":"https:\/\/www.impuls-domzale.si\/en\/wp-json\/wp\/v2\/pages\/11","targetHints":{"allow":["GET"]}}],"collection":[{"href":"https:\/\/www.impuls-domzale.si\/en\/wp-json\/wp\/v2\/pages"}],"about":[{"href":"https:\/\/www.impuls-domzale.si\/en\/wp-json\/wp\/v2\/types\/page"}],"author":[{"embeddable":true,"href":"https:\/\/www.impuls-domzale.si\/en\/wp-json\/wp\/v2\/users\/1"}],"replies":[{"embeddable":true,"href":"https:\/\/www.impuls-domzale.si\/en\/wp-json\/wp\/v2\/comments?post=11"}],"version-history":[{"count":10,"href":"https:\/\/www.impuls-domzale.si\/en\/wp-json\/wp\/v2\/pages\/11\/revisions"}],"predecessor-version":[{"id":183,"href":"https:\/\/www.impuls-domzale.si\/en\/wp-json\/wp\/v2\/pages\/11\/revisions\/183"}],"wp:featuredmedia":[{"embeddable":true,"href":"https:\/\/www.impuls-domzale.si\/en\/wp-json\/wp\/v2\/media\/160"}],"wp:attachment":[{"href":"https:\/\/www.impuls-domzale.si\/en\/wp-json\/wp\/v2\/media?parent=11"}],"curies":[{"name":"wp","href":"https:\/\/api.w.org\/{rel}","templated":true}]}}