{"id":10,"date":"2018-11-28T13:14:10","date_gmt":"2018-11-28T13:14:10","guid":{"rendered":"https:\/\/www.impuls-domzale.si\/?page_id=10"},"modified":"2018-12-06T14:26:34","modified_gmt":"2018-12-06T14:26:34","slug":"about","status":"publish","type":"page","link":"https:\/\/www.impuls-domzale.si\/en\/about\/","title":{"rendered":"About us"},"content":{"rendered":"<p>Dominant company activity for years has been supply of public institutions (kindergartens, primary schools, elderly homes ...) with foodstuff.<\/p>\n<p>Along with supply of public institutions in Slovenia, the company represents some <a href=\"https:\/\/www.impuls-domzale.si\/en\/blagovne-znamke\/\">brands<\/a> such as Gandola, Hello, Orgran, Victoria and many others.<\/p>\n<p>Company presents also some of its own <a href=\"https:\/\/www.impuls-domzale.si\/en\/blagovne-znamke\/\">brands<\/a>&nbsp;and a web shop <a href=\"https:\/\/zoja.trgovinazdravehrane.si\/\">Zoja, trgovina zdrave hrane<\/a>, which is specially dedicated to people with food allergies.<\/p>\n\n\n<figure class=\"wp-block-image is-resized\"><img loading=\"lazy\" decoding=\"async\" src=\"https:\/\/www.impuls-domzale.si\/wp-content\/uploads\/2018\/11\/impuls-objekt.jpg\" alt=\"\" class=\"wp-image-111\" width=\"546\" height=\"419\" srcset=\"https:\/\/www.impuls-domzale.si\/wp-content\/uploads\/2018\/11\/impuls-objekt.jpg 546w, https:\/\/www.impuls-domzale.si\/wp-content\/uploads\/2018\/11\/impuls-objekt-300x230.jpg 300w\" sizes=\"auto, (max-width: 546px) 100vw, 546px\" \/><figcaption>Warehouse and company headquarters<\/figcaption><\/figure>\n\n\n\n<p><\/p>","protected":false},"excerpt":{"rendered":"<p>Prevladujo\u010da dejavnost na\u0161ega podjetja je \u017ee vrsto let preskrba javnih zavodov (vrtci, \u0161ole, domovi za ostarele &#8230;) s prehrambenimi izdelki. Poleg preskrbe zavodov pa podjetje v Sloveniji zastopa nekaj blagovnih znamk kot npr. Gandola, Hello, Orgran, Victoria in mnoge druge. Podjetje se predstavlja tudi z nekaj lastnimi blagovnimi znamkami&nbsp;in lastno spletno trgovino Zoja, trgovina zdrave &hellip; <\/p>\n<p class=\"link-more\"><a href=\"https:\/\/www.impuls-domzale.si\/en\/about\/\" class=\"more-link\">Continue reading<span class=\"screen-reader-text\"> &#8220;O nas&#8221;<\/span><\/a><\/p>","protected":false},"author":1,"featured_media":161,"parent":0,"menu_order":0,"comment_status":"closed","ping_status":"closed","template":"","meta":{"footnotes":""},"class_list":["post-10","page","type-page","status-publish","has-post-thumbnail","hentry"],"_links":{"self":[{"href":"https:\/\/www.impuls-domzale.si\/en\/wp-json\/wp\/v2\/pages\/10","targetHints":{"allow":["GET"]}}],"collection":[{"href":"https:\/\/www.impuls-domzale.si\/en\/wp-json\/wp\/v2\/pages"}],"about":[{"href":"https:\/\/www.impuls-domzale.si\/en\/wp-json\/wp\/v2\/types\/page"}],"author":[{"embeddable":true,"href":"https:\/\/www.impuls-domzale.si\/en\/wp-json\/wp\/v2\/users\/1"}],"replies":[{"embeddable":true,"href":"https:\/\/www.impuls-domzale.si\/en\/wp-json\/wp\/v2\/comments?post=10"}],"version-history":[{"count":12,"href":"https:\/\/www.impuls-domzale.si\/en\/wp-json\/wp\/v2\/pages\/10\/revisions"}],"predecessor-version":[{"id":123,"href":"https:\/\/www.impuls-domzale.si\/en\/wp-json\/wp\/v2\/pages\/10\/revisions\/123"}],"wp:featuredmedia":[{"embeddable":true,"href":"https:\/\/www.impuls-domzale.si\/en\/wp-json\/wp\/v2\/media\/161"}],"wp:attachment":[{"href":"https:\/\/www.impuls-domzale.si\/en\/wp-json\/wp\/v2\/media?parent=10"}],"curies":[{"name":"wp","href":"https:\/\/api.w.org\/{rel}","templated":true}]}}